{"id":28,"date":"2022-03-07T16:21:25","date_gmt":"2022-03-07T16:21:25","guid":{"rendered":"https:\/\/prise-know.science\/foundation\/?page_id=28"},"modified":"2026-01-11T21:05:10","modified_gmt":"2026-01-11T21:05:10","slug":"home","status":"publish","type":"page","link":"https:\/\/prise-know.science\/foundation\/","title":{"rendered":"Home"},"content":{"rendered":"The PRISE International Research Foundation (PRISE Foundation) has been established in 2023. Its mission is to promote knowledge development, preservation and update in the fields of resource efficiency, environmental safety and sustainability. It builds on the legacy of Professor Ji\u0159\u00ed Jarom\u00edr Kleme\u0161. The following are the key goals of the Foundation:\r\n<ul>\r\n \t<li style=\"list-style-type: none;\">\r\n<ul>\r\n \t<li>Protect the name of the traditional conference \u201cProcess Integration, Modelling and Optimisation for Energy Saving and Pollution Reduction\u201d \u2013 with the short distinctive title \u201cPRES\u201d followed by the year of the conference, preserve and multiply its heritage in science, engineering and societal impact.<\/li>\r\n \t<li>Organise conferences PRES annually as a major platform for scientific and societal discourse<\/li>\r\n \t<li>Foster and steer scientific excellence for finding and devising solutions to the problems of sustainable development and resource efficiency in society.<\/li>\r\n \t<li>Build and sustain a network of engineers, researchers and citizens with the knowledge and skills to implement those solutions.<\/li>\r\n<\/ul>\r\n<\/li>\r\n<\/ul>\r\n<ul>\r\n \t<li>Develop further innovative information and knowledge platforms \u2014 journals, and knowledge bases, for facilitating research and implementing its results.<\/li>\r\n \t<li>Issuing a periodic award for high-level contribution<\/li>\r\n<\/ul>\r\n&nbsp;\r\n\r\nThe annual conferences PRES: Conference on Process Integration, Modelling and Optimisation for Energy Saving and Pollution Reduction are tracked at the following website: <a href=\"https:\/\/conferencepres.site\/\" target=\"_blank\" rel=\"noopener\">CONFERENCEPRES.SITE<\/a>.\r\n\r\n&nbsp;\r\n\r\nThe venue for the year 2025 is the 29th Conference on Process Integration, Modelling and Optimisation for Energy Saving and Pollution Reduction, 11-14 October 2026, Rhodes Island, Greece:\r\n<ul>\r\n \t<li>Aristotle University of Thessaloniki, Greece; <a href=\"https:\/\/pres26.ysquared.eu\/\" target=\"_blank\" rel=\"noopener\">PRES&#8217;26 Website<\/a><\/li>\r\n \t<li>Under the authority of the <a href=\"https:\/\/prise-know.science\/foundation\" target=\"_blank\" rel=\"noopener\">PRISE Foundation<\/a>, Veszpr\u00e9m, Hungary<\/li>\r\n \t<li>The abstract submission and access to the online part of the conference are performed via the <a href=\"https:\/\/registration.sdewes.org\/pres26\" target=\"_blank\" rel=\"noopener\">COMET editorial system (https:\/\/registration.sdewes.org\/pres26)<\/a>. If you have a COMET account, you can reuse it.<\/li>\r\n<\/ul>\r\n<a href=\"https:\/\/www.pres2025.com\/\">The 28th Conference on Process Integration, Modelling and Optimisation for Energy Saving and Pollution Reduction<\/a>. took place in Malaysia in 2025.\r\n\r\n&nbsp;\r\n\r\nThe PRISE Foundation has launched a directly affiliated International Scientific Committee (PRISE ISC). The PRISE ISC is appointed for every calendar year and serves all venues organised by the foundation during the year.\r\n\r\n<!-- \/wp:post-content -->","protected":false},"excerpt":{"rendered":"<p>The PRISE International Research Foundation (PRISE Foundation) has been established in 2023. Its mission is to promote knowledge development, preservation and update in the fields of resource efficiency, environmental safety and sustainability. It builds on the legacy of Professor Ji\u0159\u00ed Jarom\u00edr Kleme\u0161. The following are the key goals of the Foundation: Protect the name of&#8230;<\/p>\n","protected":false},"author":1,"featured_media":0,"parent":0,"menu_order":0,"comment_status":"closed","ping_status":"closed","template":"","meta":{"footnotes":""},"class_list":["post-28","page","type-page","status-publish","hentry"],"_links":{"self":[{"href":"https:\/\/prise-know.science\/foundation\/wp-json\/wp\/v2\/pages\/28","targetHints":{"allow":["GET"]}}],"collection":[{"href":"https:\/\/prise-know.science\/foundation\/wp-json\/wp\/v2\/pages"}],"about":[{"href":"https:\/\/prise-know.science\/foundation\/wp-json\/wp\/v2\/types\/page"}],"author":[{"embeddable":true,"href":"https:\/\/prise-know.science\/foundation\/wp-json\/wp\/v2\/users\/1"}],"replies":[{"embeddable":true,"href":"https:\/\/prise-know.science\/foundation\/wp-json\/wp\/v2\/comments?post=28"}],"version-history":[{"count":110,"href":"https:\/\/prise-know.science\/foundation\/wp-json\/wp\/v2\/pages\/28\/revisions"}],"predecessor-version":[{"id":710,"href":"https:\/\/prise-know.science\/foundation\/wp-json\/wp\/v2\/pages\/28\/revisions\/710"}],"wp:attachment":[{"href":"https:\/\/prise-know.science\/foundation\/wp-json\/wp\/v2\/media?parent=28"}],"curies":[{"name":"wp","href":"https:\/\/api.w.org\/{rel}","templated":true}]}}