{"id":28,"date":"2022-03-07T16:21:25","date_gmt":"2022-03-07T16:21:25","guid":{"rendered":"http:\/\/prise-know.science\/CAPEForum2024\/?page_id=28"},"modified":"2024-04-22T21:16:15","modified_gmt":"2024-04-22T21:16:15","slug":"home","status":"publish","type":"page","link":"https:\/\/prise-know.science\/CAPEForum2024\/","title":{"rendered":"Home"},"content":{"rendered":"<table style=\"height: 170px; border: none;\" border=\"0\" width=\"1485\">\r\n<tbody valign=\"top\">\r\n<tr>\r\n<td width=\"150px\"><img loading=\"lazy\" decoding=\"async\" class=\"wp-image-230 aligncenter\" src=\"http:\/\/prise-know.science\/CAPEForum2024\/wp-content\/uploads\/2024\/04\/CAPE-WP-logo-150x150-1.png\" alt=\"\" width=\"100\" height=\"100\" \/><\/td>\r\n<td style=\"text-align: center;\" width=\"600px\"><img loading=\"lazy\" decoding=\"async\" class=\"alignnone wp-image-222\" src=\"http:\/\/prise-know.science\/CAPEForum2024\/wp-content\/uploads\/2024\/03\/LogoCFE2-768x384-3.png\" alt=\"\" width=\"186\" height=\"93\" srcset=\"https:\/\/prise-know.science\/CAPEForum2024\/wp-content\/uploads\/2024\/03\/LogoCFE2-768x384-3.png 768w, https:\/\/prise-know.science\/CAPEForum2024\/wp-content\/uploads\/2024\/03\/LogoCFE2-768x384-3-300x150.png 300w\" sizes=\"auto, (max-width: 186px) 100vw, 186px\" \/><\/td>\r\n<td style=\"text-align: center;\" width=\"600px\"><img loading=\"lazy\" decoding=\"async\" class=\"alignnone wp-image-61\" src=\"http:\/\/prise-know.science\/CAPEForum2024\/wp-content\/uploads\/2022\/03\/VUT_logo-20-300x61.png\" alt=\"\" width=\"255\" height=\"52\" srcset=\"https:\/\/prise-know.science\/CAPEForum2024\/wp-content\/uploads\/2022\/03\/VUT_logo-20-300x61.png 300w, https:\/\/prise-know.science\/CAPEForum2024\/wp-content\/uploads\/2022\/03\/VUT_logo-20.png 586w\" sizes=\"auto, (max-width: 255px) 100vw, 255px\" \/><img loading=\"lazy\" decoding=\"async\" class=\"alignnone wp-image-62\" src=\"http:\/\/prise-know.science\/CAPEForum2024\/wp-content\/uploads\/2022\/03\/NETME_zakladni_png-300x195.png\" alt=\"\" width=\"102\" height=\"66\" srcset=\"https:\/\/prise-know.science\/CAPEForum2024\/wp-content\/uploads\/2022\/03\/NETME_zakladni_png-300x195.png 300w, https:\/\/prise-know.science\/CAPEForum2024\/wp-content\/uploads\/2022\/03\/NETME_zakladni_png-1024x667.png 1024w, https:\/\/prise-know.science\/CAPEForum2024\/wp-content\/uploads\/2022\/03\/NETME_zakladni_png-768x500.png 768w, https:\/\/prise-know.science\/CAPEForum2024\/wp-content\/uploads\/2022\/03\/NETME_zakladni_png-1536x1000.png 1536w, https:\/\/prise-know.science\/CAPEForum2024\/wp-content\/uploads\/2022\/03\/NETME_zakladni_png-2048x1333.png 2048w\" sizes=\"auto, (max-width: 102px) 100vw, 102px\" \/><img loading=\"lazy\" decoding=\"async\" class=\"alignnone wp-image-63\" src=\"http:\/\/prise-know.science\/CAPEForum2024\/wp-content\/uploads\/2022\/03\/SPIL_Logo_Color-300x196.png\" alt=\"\" width=\"110\" height=\"72\" srcset=\"https:\/\/prise-know.science\/CAPEForum2024\/wp-content\/uploads\/2022\/03\/SPIL_Logo_Color-300x196.png 300w, https:\/\/prise-know.science\/CAPEForum2024\/wp-content\/uploads\/2022\/03\/SPIL_Logo_Color-1024x670.png 1024w, https:\/\/prise-know.science\/CAPEForum2024\/wp-content\/uploads\/2022\/03\/SPIL_Logo_Color-768x502.png 768w, https:\/\/prise-know.science\/CAPEForum2024\/wp-content\/uploads\/2022\/03\/SPIL_Logo_Color.png 1182w\" sizes=\"auto, (max-width: 110px) 100vw, 110px\" \/><\/td>\r\n<\/tr>\r\n<tr>\r\n<td style=\"text-align: center;\"><a href=\"https:\/\/www.wp-cape.eu\/\"><strong>CAPE-WP<\/strong><\/a><\/td>\r\n<td style=\"text-align: center;\"><strong>Ukrainian Association of Chemical and Food Engineering <\/strong><\/td>\r\n<td style=\"text-align: center;\"><a href=\"https:\/\/sustainable-pi.com\/\"><strong>Brno University of Technology, Czech Republic<\/strong><\/a><\/td>\r\n<\/tr>\r\n<\/tbody>\r\n<\/table>\r\n<p style=\"text-align: center;\"><span style=\"color: #000000;\"><em>The CAPE Forum is a series of yearly small-scale but highly interactive conferences organized under the supervision of the Computer-Aided Process Engineering Working Party (CAPE WP) of the European Federation for Chemical Engineering (EFCE). <\/em><\/span><\/p>\r\n\r\n<h2 style=\"text-align: center;\"><strong> CAPE Forum 2O24<\/strong><\/h2>\r\n<p style=\"text-align: center;\">1 \u2013 4 September 2024 (Hybrid), Brno, Czech Republic\r\nLocation : Czech Republic, Brno University of Technology \u2013 Faculty of Mechanical Engineering<\/p>\r\n<p style=\"text-align: center;\"><em>Orginised jointly with<\/em><\/p>\r\n\r\n<h4 style=\"text-align: center;\"><strong>The 8th Sustainable Process Integration Laboratory (SPIL) Scientific Conference <a href=\"https:\/\/conferencespil.com\/spil24\/\">LINK<\/a>.<\/strong><\/h4>\r\n&nbsp;\r\n\r\n<span style=\"font-size: 1rem;\">CAPE Forum 2O24 is organised by the Ukrainian Association of Chemical and Food Engineering (CFE-UA, Kharkiv, Ukraine) jointly with SPIL Laboratory at Brno University of Technology (BUT-Czech Republic). T<\/span><span style=\"font-size: 1rem;\">he theme of this CAPE event is<\/span>\r\n<h4 style=\"text-align: center;\"><strong> New Trends in Process Study, Modelling and Control<\/strong><\/h4>\r\n&nbsp;\r\n\r\nComputer Aided Process Engineering (CAPE) Forum aims to bring together researchers and industrial practitioners for an informal discussion on research topics, new and emerging in the area of CAPE.\r\n\r\n<span style=\"font-size: 1rem;\">Abstract submission (through SPIL&#8217;24 website): <\/span><a href=\"https:\/\/registration.sdewes.org\/spil2024\">https:\/\/registration.sdewes.org\/spil2024<\/a> <span style=\"font-size: 1rem;\">.<\/span>\r\n<table style=\"font-weight: 400;\" data-tablestyle=\"MsoTableGrid\" data-tablelook=\"1184\" aria-rowcount=\"5\">\r\n<tbody>\r\n<tr aria-rowindex=\"1\">\r\n<td data-celllook=\"0\"><b><span data-contrast=\"auto\">Description<\/span><\/b><span data-ccp-props=\"{&quot;201341983&quot;:0,&quot;335551550&quot;:6,&quot;335551620&quot;:6,&quot;335559739&quot;:0,&quot;335559740&quot;:240}\">\u00a0<\/span><\/td>\r\n<td data-celllook=\"0\"><b><span data-contrast=\"auto\">Start<\/span><\/b><span data-ccp-props=\"{&quot;201341983&quot;:0,&quot;335551550&quot;:6,&quot;335551620&quot;:6,&quot;335559739&quot;:0,&quot;335559740&quot;:240}\">\u00a0<\/span><\/td>\r\n<td data-celllook=\"0\"><b><span data-contrast=\"auto\">End<\/span><\/b><span data-ccp-props=\"{&quot;201341983&quot;:0,&quot;335551550&quot;:6,&quot;335551620&quot;:6,&quot;335559739&quot;:0,&quot;335559740&quot;:240}\">\u00a0<\/span><\/td>\r\n<\/tr>\r\n<tr aria-rowindex=\"2\">\r\n<td data-celllook=\"0\"><span data-contrast=\"auto\">Abstract submission\u00a0<\/span><\/td>\r\n<td data-celllook=\"0\"><span data-contrast=\"auto\">01\/05\/2024<\/span><span data-ccp-props=\"{&quot;201341983&quot;:0,&quot;335551550&quot;:6,&quot;335551620&quot;:6,&quot;335559739&quot;:0,&quot;335559740&quot;:240}\">\u00a0<\/span><\/td>\r\n<td data-celllook=\"0\"><strong>31\/07\/2024\u00a0<\/strong><\/td>\r\n<\/tr>\r\n<tr aria-rowindex=\"3\">\r\n<td data-celllook=\"0\"><span data-contrast=\"auto\">Conference venue<\/span><span data-ccp-props=\"{&quot;201341983&quot;:0,&quot;335551550&quot;:6,&quot;335551620&quot;:6,&quot;335559739&quot;:0,&quot;335559740&quot;:240}\">\u00a0<\/span><\/td>\r\n<td data-celllook=\"0\"><span data-contrast=\"auto\">01\/09\/2024<\/span><span data-ccp-props=\"{&quot;201341983&quot;:0,&quot;335551550&quot;:6,&quot;335551620&quot;:6,&quot;335559739&quot;:0,&quot;335559740&quot;:240}\">\u00a0<\/span><\/td>\r\n<td data-celllook=\"0\">\u00a0<span data-contrast=\"auto\">04\/09\/2024<\/span><span data-ccp-props=\"{&quot;201341983&quot;:0,&quot;335551550&quot;:6,&quot;335551620&quot;:6,&quot;335559739&quot;:0,&quot;335559740&quot;:240}\">\u00a0<\/span><\/td>\r\n<\/tr>\r\n<\/tbody>\r\n<\/table>\r\n&nbsp;\r\n<h1>Aims and Scope<\/h1>\r\nComputer Aided Process Engineering (CAPE) Forum aims to bring together researchers and industrial practitioners for an informal discussion on research topics, new and emerging in the area of CAPE. The CAPE Forum is a series of yearly small-scale but highly interactive conferences organized under the supervision of the Computer-Aided Process Engineering Working Party (CAPE WP) of the European Federation for Chemical Engineering (EFCE). With a mixture of keynote lectures, workshops and young researchers\u2019 presentations, the main goal is to discuss the role of CAPE tools as improvers to accelerate the quick changes that are occurring in the Process Industry.\r\n<h1>Plenary Speakers<\/h1>\r\n<table style=\"height: 118px;\" width=\"1373\">\r\n<tbody>\r\n<tr>\r\n<td width=\"200\"><em>List of plenary speakers will be added soon<\/em><\/td>\r\n<td width=\"200\"><\/td>\r\n<td width=\"200\"><\/td>\r\n<\/tr>\r\n<tr>\r\n<td width=\"200\"><\/td>\r\n<td width=\"200\"><\/td>\r\n<td width=\"200\"><\/td>\r\n<\/tr>\r\n<\/tbody>\r\n<\/table>\r\n<h1>Conference Topics<\/h1>\r\n<ul>\r\n \t<li>1 \u2013 Data Science<\/li>\r\n \t<li>2 \u2013 Energy Transition<\/li>\r\n \t<li>3 \u2013 Sustainability<\/li>\r\n \t<li>4 \u2013 Process intensification<\/li>\r\n<\/ul>\r\n&nbsp;\r\n<h2>INTERNATIONAL SCIENTIFIC COMMITTEE<strong>\u00a0<\/strong><\/h2>\r\n<table width=\"623\">\r\n<tbody>\r\n<tr>\r\n<td width=\"215\"><img loading=\"lazy\" decoding=\"async\" class=\" wp-image-239 aligncenter\" src=\"http:\/\/prise-know.science\/CAPEForum2024\/wp-content\/uploads\/2024\/04\/PhotoMiniplantReduced-Manenti-211x300-1.jpg\" alt=\"\" width=\"103\" height=\"147\" \/><\/td>\r\n<td width=\"186\"><img loading=\"lazy\" decoding=\"async\" class=\"wp-image-237 aligncenter\" src=\"http:\/\/prise-know.science\/CAPEForum2024\/wp-content\/uploads\/2024\/04\/Tovazhnyanskyy.png\" alt=\"\" width=\"150\" height=\"150\" srcset=\"https:\/\/prise-know.science\/CAPEForum2024\/wp-content\/uploads\/2024\/04\/Tovazhnyanskyy.png 300w, https:\/\/prise-know.science\/CAPEForum2024\/wp-content\/uploads\/2024\/04\/Tovazhnyanskyy-150x150.png 150w\" sizes=\"auto, (max-width: 150px) 100vw, 150px\" \/><\/td>\r\n<td width=\"221\"><img loading=\"lazy\" decoding=\"async\" class=\"wp-image-235 aligncenter\" src=\"http:\/\/prise-know.science\/CAPEForum2024\/wp-content\/uploads\/2024\/04\/Atamanuk.jpg\" alt=\"\" width=\"152\" height=\"152\" srcset=\"https:\/\/prise-know.science\/CAPEForum2024\/wp-content\/uploads\/2024\/04\/Atamanuk.jpg 451w, https:\/\/prise-know.science\/CAPEForum2024\/wp-content\/uploads\/2024\/04\/Atamanuk-300x300.jpg 300w, https:\/\/prise-know.science\/CAPEForum2024\/wp-content\/uploads\/2024\/04\/Atamanuk-150x150.jpg 150w\" sizes=\"auto, (max-width: 152px) 100vw, 152px\" \/><\/td>\r\n<\/tr>\r\n<tr>\r\n<td style=\"text-align: center;\" width=\"215\">Prof Dr Flavio Manenti\r\nFull Professor of Chemical Plants at CMIC Dept. \u201cGiulio Natta\u201d of Politecnico di Milano, Italy<\/td>\r\n<td style=\"text-align: center;\" width=\"186\">\u00a0Prof Leonid Tovazhnyanskyy\r\nChemical Engineering Department, Institute of Chemistry, National Technical University \u201cKharkiv Polytechnic Institute\u201d (NTU KhPI), Kharkiv, Ukraine<\/td>\r\n<td style=\"text-align: center;\" width=\"221\">DScTech, Prof. Volodymyr Atamaniuk\r\nDepartment of Chemical Engineering , National Technical University Lvivska Polytechnika, Lviv, Ukraine<\/td>\r\n<\/tr>\r\n<tr>\r\n<td width=\"215\"><img loading=\"lazy\" decoding=\"async\" class=\" wp-image-134 aligncenter\" style=\"text-align: center;\" src=\"http:\/\/prise-know.science\/CAPEForum2024\/wp-content\/uploads\/2022\/03\/vice-president-ferenc-friedler-150x150.jpg\" alt=\"\" width=\"142\" height=\"142\" srcset=\"https:\/\/prise-know.science\/CAPEForum2024\/wp-content\/uploads\/2022\/03\/vice-president-ferenc-friedler-150x150.jpg 150w, https:\/\/prise-know.science\/CAPEForum2024\/wp-content\/uploads\/2022\/03\/vice-president-ferenc-friedler.jpg 160w\" sizes=\"auto, (max-width: 142px) 100vw, 142px\" \/><\/td>\r\n<td width=\"186\"><img loading=\"lazy\" decoding=\"async\" class=\"alignnone size-full wp-image-89 aligncenter\" src=\"http:\/\/prise-know.science\/CAPEForum2024\/wp-content\/uploads\/2022\/03\/zdravko-kravanja.jpg\" alt=\"\" width=\"160\" height=\"160\" srcset=\"https:\/\/prise-know.science\/CAPEForum2024\/wp-content\/uploads\/2022\/03\/zdravko-kravanja.jpg 160w, https:\/\/prise-know.science\/CAPEForum2024\/wp-content\/uploads\/2022\/03\/zdravko-kravanja-150x150.jpg 150w\" sizes=\"auto, (max-width: 160px) 100vw, 160px\" \/><\/td>\r\n<td width=\"221\"><img loading=\"lazy\" decoding=\"async\" class=\"wp-image-236 aligncenter\" src=\"http:\/\/prise-know.science\/CAPEForum2024\/wp-content\/uploads\/2024\/04\/Kapustenko.png\" alt=\"\" width=\"133\" height=\"155\" srcset=\"https:\/\/prise-know.science\/CAPEForum2024\/wp-content\/uploads\/2024\/04\/Kapustenko.png 356w, https:\/\/prise-know.science\/CAPEForum2024\/wp-content\/uploads\/2024\/04\/Kapustenko-258x300.png 258w\" sizes=\"auto, (max-width: 133px) 100vw, 133px\" \/><\/td>\r\n<\/tr>\r\n<tr>\r\n<td style=\"text-align: center;\" width=\"215\">Prof Dr Ferenc Friedler\r\nSz\u00e9chenyi Istv\u00e1n University, Gy\u0151r, Hungary<\/td>\r\n<td style=\"text-align: center;\" width=\"186\">Prof Dr Zdravko Kravanja\r\nThe University of Maribor, Slovenia<\/td>\r\n<td style=\"text-align: center;\" width=\"221\">\r\n<p style=\"text-align: center;\">Prof Petro Kapustenko\r\nChemical Engineering Department, Institute of Chemistry, NTU KhPI, Kharkiv, Ukraine\r\nSPIL Laboratory, Faculy of Mechanical Engineering, Brno University of Technology, Czech Republic<\/p>\r\n<\/td>\r\n<\/tr>\r\n<tr>\r\n<td width=\"215\"><img loading=\"lazy\" decoding=\"async\" class=\"size-thumbnail wp-image-97 aligncenter\" src=\"http:\/\/prise-know.science\/CAPEForum2024\/wp-content\/uploads\/2022\/03\/y-v-fan-resized-129x150.jpg\" alt=\"\" width=\"129\" height=\"150\" \/><\/td>\r\n<td width=\"186\"><img loading=\"lazy\" decoding=\"async\" class=\" wp-image-129 aligncenter\" src=\"http:\/\/prise-know.science\/CAPEForum2024\/wp-content\/uploads\/2022\/03\/petar-varbanov-150x150.jpg\" alt=\"\" width=\"157\" height=\"157\" \/><\/td>\r\n<td style=\"text-align: center;\" width=\"221\"><img loading=\"lazy\" decoding=\"async\" class=\"wp-image-234 aligncenter\" style=\"text-align: left;\" src=\"http:\/\/prise-know.science\/CAPEForum2024\/wp-content\/uploads\/2024\/04\/ArsenyevaPhoto.jpg\" alt=\"\" width=\"136\" height=\"169\" srcset=\"https:\/\/prise-know.science\/CAPEForum2024\/wp-content\/uploads\/2024\/04\/ArsenyevaPhoto.jpg 1360w, https:\/\/prise-know.science\/CAPEForum2024\/wp-content\/uploads\/2024\/04\/ArsenyevaPhoto-242x300.jpg 242w, https:\/\/prise-know.science\/CAPEForum2024\/wp-content\/uploads\/2024\/04\/ArsenyevaPhoto-825x1024.jpg 825w, https:\/\/prise-know.science\/CAPEForum2024\/wp-content\/uploads\/2024\/04\/ArsenyevaPhoto-768x954.jpg 768w, https:\/\/prise-know.science\/CAPEForum2024\/wp-content\/uploads\/2024\/04\/ArsenyevaPhoto-1237x1536.jpg 1237w\" sizes=\"auto, (max-width: 136px) 100vw, 136px\" \/><\/td>\r\n<\/tr>\r\n<tr>\r\n<td style=\"text-align: center;\" width=\"215\">Dr E Van Fan,\r\nSPIL Laboratory, Faculy of Mechanical Engineering, Brno University of Technology, Czech Republic<\/td>\r\n<td style=\"text-align: center;\" width=\"186\">\u00a0Prof Dr-Hab Petar Varbanov,\r\nSPIL Laboratory, Faculy of Mechanical Engineering, Brno University of Technology, Czech Republic<\/td>\r\n<td style=\"text-align: center;\" width=\"221\">Prof Olga Arsenyeva\r\nO. M. Beketov University of Urban Economy in Kharkiv, Kharkiv, Ukraine<\/td>\r\n<\/tr>\r\n<\/tbody>\r\n<\/table>\r\n&nbsp;\r\n<h2>ORGANISING COMMITTEE<\/h2>\r\n&nbsp;\r\n<table width=\"677\">\r\n<tbody>\r\n<tr>\r\n<td width=\"215\"><img loading=\"lazy\" decoding=\"async\" class=\"wp-image-237 aligncenter\" src=\"http:\/\/prise-know.science\/CAPEForum2024\/wp-content\/uploads\/2024\/04\/Tovazhnyanskyy.png\" alt=\"\" width=\"150\" height=\"150\" srcset=\"https:\/\/prise-know.science\/CAPEForum2024\/wp-content\/uploads\/2024\/04\/Tovazhnyanskyy.png 300w, https:\/\/prise-know.science\/CAPEForum2024\/wp-content\/uploads\/2024\/04\/Tovazhnyanskyy-150x150.png 150w\" sizes=\"auto, (max-width: 150px) 100vw, 150px\" \/><\/td>\r\n<td width=\"228\"><img loading=\"lazy\" decoding=\"async\" class=\"wp-image-235 aligncenter\" src=\"http:\/\/prise-know.science\/CAPEForum2024\/wp-content\/uploads\/2024\/04\/Atamanuk.jpg\" alt=\"\" width=\"152\" height=\"152\" srcset=\"https:\/\/prise-know.science\/CAPEForum2024\/wp-content\/uploads\/2024\/04\/Atamanuk.jpg 451w, https:\/\/prise-know.science\/CAPEForum2024\/wp-content\/uploads\/2024\/04\/Atamanuk-300x300.jpg 300w, https:\/\/prise-know.science\/CAPEForum2024\/wp-content\/uploads\/2024\/04\/Atamanuk-150x150.jpg 150w\" sizes=\"auto, (max-width: 152px) 100vw, 152px\" \/><\/td>\r\n<td width=\"234\"><img loading=\"lazy\" decoding=\"async\" class=\"wp-image-236 aligncenter\" src=\"http:\/\/prise-know.science\/CAPEForum2024\/wp-content\/uploads\/2024\/04\/Kapustenko.png\" alt=\"\" width=\"133\" height=\"155\" srcset=\"https:\/\/prise-know.science\/CAPEForum2024\/wp-content\/uploads\/2024\/04\/Kapustenko.png 356w, https:\/\/prise-know.science\/CAPEForum2024\/wp-content\/uploads\/2024\/04\/Kapustenko-258x300.png 258w\" sizes=\"auto, (max-width: 133px) 100vw, 133px\" \/><\/td>\r\n<\/tr>\r\n<tr>\r\n<td style=\"text-align: center;\" width=\"215\">Prof Leonid Tovazhnyanskyy\r\nChemical Engineering Department, Institute of Chemistry, National Technical University \u201cKharkiv Polytechnic Institute\u201d (NTU KhPI), Kharkiv, Ukraine<\/td>\r\n<td style=\"text-align: center;\" width=\"228\">Prof Volodymyr Atamanyuk\r\nChemical Engineering Department, National Technical University Lvivska Polytechnika, Lviv, Ukraine<\/td>\r\n<td style=\"text-align: center;\" width=\"234\">Prof Petro Kapustenko\r\nChemical Engineering Department, Institute of Chemistry, NTU KhPI, Kharkiv, Ukraine\r\nSPIL Laboratory, Faculy of Mechanical Engineering, Brno University of Technology, Czech Republic<\/td>\r\n<\/tr>\r\n<tr>\r\n<td width=\"215\"><img loading=\"lazy\" decoding=\"async\" class=\"alignnone size-thumbnail wp-image-129 aligncenter\" src=\"http:\/\/prise-know.science\/CAPEForum2024\/wp-content\/uploads\/2022\/03\/petar-varbanov-150x150.jpg\" alt=\"\" width=\"150\" height=\"150\" \/><\/td>\r\n<td width=\"228\"><img loading=\"lazy\" decoding=\"async\" class=\"size-thumbnail wp-image-97 aligncenter\" src=\"http:\/\/prise-know.science\/CAPEForum2024\/wp-content\/uploads\/2022\/03\/y-v-fan-resized-129x150.jpg\" alt=\"\" width=\"129\" height=\"150\" \/><\/td>\r\n<td style=\"text-align: center;\" width=\"234\"><img loading=\"lazy\" decoding=\"async\" class=\"wp-image-234 aligncenter\" src=\"http:\/\/prise-know.science\/CAPEForum2024\/wp-content\/uploads\/2024\/04\/ArsenyevaPhoto.jpg\" alt=\"\" width=\"136\" height=\"169\" srcset=\"https:\/\/prise-know.science\/CAPEForum2024\/wp-content\/uploads\/2024\/04\/ArsenyevaPhoto.jpg 1360w, https:\/\/prise-know.science\/CAPEForum2024\/wp-content\/uploads\/2024\/04\/ArsenyevaPhoto-242x300.jpg 242w, https:\/\/prise-know.science\/CAPEForum2024\/wp-content\/uploads\/2024\/04\/ArsenyevaPhoto-825x1024.jpg 825w, https:\/\/prise-know.science\/CAPEForum2024\/wp-content\/uploads\/2024\/04\/ArsenyevaPhoto-768x954.jpg 768w, https:\/\/prise-know.science\/CAPEForum2024\/wp-content\/uploads\/2024\/04\/ArsenyevaPhoto-1237x1536.jpg 1237w\" sizes=\"auto, (max-width: 136px) 100vw, 136px\" \/><\/td>\r\n<\/tr>\r\n<tr>\r\n<td style=\"text-align: center;\" width=\"215\">\u00a0Prof Dr-Hab Petar Varbanov,\r\nSPIL Laboratory, Faculy of Mechanical Engineering, Brno University of Technology, Czech Republic<\/td>\r\n<td style=\"text-align: center;\" width=\"228\">Dr E Van Fan,\r\nSPIL Laboratory, Faculy of Mechanical Engineering, Brno University of Technology, Czech Republic<\/td>\r\n<td width=\"234\">\r\n<p style=\"text-align: center;\">Prof Olga Arsenyeva\r\nO. M. Beketov University of Urban Economy in Kharkiv, Kharkiv, Ukraine<\/p>\r\n<\/td>\r\n<\/tr>\r\n<tr>\r\n<td width=\"215\"><\/td>\r\n<td width=\"228\">\u00a0<img loading=\"lazy\" decoding=\"async\" class=\"wp-image-238 aligncenter\" src=\"http:\/\/prise-know.science\/CAPEForum2024\/wp-content\/uploads\/2024\/04\/Sarka.png\" alt=\"\" width=\"149\" height=\"170\" \/><\/td>\r\n<td style=\"text-align: center;\" width=\"234\"><\/td>\r\n<\/tr>\r\n<tr>\r\n<td style=\"text-align: center;\" width=\"215\"><\/td>\r\n<td style=\"text-align: center;\" width=\"228\">Dr. Ing. \u0160\u00e1rka Zemanov\u00e1, Ph.D,\r\nSPIL Laboratory, Faculy of Mechanical Engineering, Brno University of Technology, Czech Republic<\/td>\r\n<td width=\"234\">\r\n<p style=\"text-align: center;\"><\/p>\r\n<\/td>\r\n<\/tr>\r\n<\/tbody>\r\n<\/table>\r\n<span data-contrast=\"auto\">Secretary of the conference:<\/span> <span data-ccp-props=\"{&quot;201341983&quot;:0,&quot;335551550&quot;:6,&quot;335551620&quot;:6,&quot;335559739&quot;:0,&quot;335559740&quot;:240}\">\u00a0<\/span>\r\n\r\n<!-- \/wp:post-content -->","protected":false},"excerpt":{"rendered":"<p>CAPE-WP Ukrainian Association of Chemical and Food Engineering Brno University of Technology, Czech Republic The CAPE Forum is a series of yearly small-scale but highly interactive conferences organized under the [&hellip;]<\/p>\n","protected":false},"author":1,"featured_media":0,"parent":0,"menu_order":0,"comment_status":"closed","ping_status":"closed","template":"","meta":{"footnotes":""},"class_list":["post-28","page","type-page","status-publish","hentry"],"_links":{"self":[{"href":"https:\/\/prise-know.science\/CAPEForum2024\/wp-json\/wp\/v2\/pages\/28","targetHints":{"allow":["GET"]}}],"collection":[{"href":"https:\/\/prise-know.science\/CAPEForum2024\/wp-json\/wp\/v2\/pages"}],"about":[{"href":"https:\/\/prise-know.science\/CAPEForum2024\/wp-json\/wp\/v2\/types\/page"}],"author":[{"embeddable":true,"href":"https:\/\/prise-know.science\/CAPEForum2024\/wp-json\/wp\/v2\/users\/1"}],"replies":[{"embeddable":true,"href":"https:\/\/prise-know.science\/CAPEForum2024\/wp-json\/wp\/v2\/comments?post=28"}],"version-history":[{"count":108,"href":"https:\/\/prise-know.science\/CAPEForum2024\/wp-json\/wp\/v2\/pages\/28\/revisions"}],"predecessor-version":[{"id":243,"href":"https:\/\/prise-know.science\/CAPEForum2024\/wp-json\/wp\/v2\/pages\/28\/revisions\/243"}],"wp:attachment":[{"href":"https:\/\/prise-know.science\/CAPEForum2024\/wp-json\/wp\/v2\/media?parent=28"}],"curies":[{"name":"wp","href":"https:\/\/api.w.org\/{rel}","templated":true}]}}